{"id":3,"date":"2023-05-16T08:12:24","date_gmt":"2023-05-16T08:12:24","guid":{"rendered":"https:\/\/talentsoft-wordpress-shop.krankikom.de\/?post_type=product&#038;p=3"},"modified":"2024-02-27T10:29:40","modified_gmt":"2024-02-27T10:29:40","slug":"dsgvo","status":"publish","type":"product","link":"https:\/\/talentsoft-wordpress-shop.krankikom.de\/index.php\/product\/dsgvo\/","title":{"rendered":"DSGVO"},"content":{"rendered":"<p>Jedes Unternehmen, das seinen Sitz in einem Mitgliedsstaat der Europ\u00e4ischen Union hat oder das Vertr\u00e4ge mit innerhalb der EU ans\u00e4ssigen Kunden abschlie\u00dft, hat die Vorgaben der neuen Datenschutzgrundverordnung (DSGVO) zwingend zu beachten.<\/p>\n","protected":false},"excerpt":{"rendered":"<p>Jedes Unternehmen, das seinen Sitz in einem Mitgliedsstaat der Europ\u00e4ischen Union hat oder das Vertr\u00e4ge mit innerhalb der EU ans\u00e4ssigen Kunden abschlie\u00dft, hat die Vorgaben der neuen Datenschutzgrundverordnung (DSGVO) zwingend zu beachten.<\/p>\n","protected":false},"featured_media":1112,"comment_status":"open","ping_status":"closed","template":"","meta":[],"product_cat":[19],"product_tag":[],"class_list":["post-3","product","type-product","status-publish","has-post-thumbnail","hentry","product_cat-datenschutz"],"_links":{"self":[{"href":"https:\/\/talentsoft-wordpress-shop.krankikom.de\/index.php\/wp-json\/wp\/v2\/product\/3","targetHints":{"allow":["GET"]}}],"collection":[{"href":"https:\/\/talentsoft-wordpress-shop.krankikom.de\/index.php\/wp-json\/wp\/v2\/product"}],"about":[{"href":"https:\/\/talentsoft-wordpress-shop.krankikom.de\/index.php\/wp-json\/wp\/v2\/types\/product"}],"replies":[{"embeddable":true,"href":"https:\/\/talentsoft-wordpress-shop.krankikom.de\/index.php\/wp-json\/wp\/v2\/comments?post=3"}],"wp:featuredmedia":[{"embeddable":true,"href":"https:\/\/talentsoft-wordpress-shop.krankikom.de\/index.php\/wp-json\/wp\/v2\/media\/1112"}],"wp:attachment":[{"href":"https:\/\/talentsoft-wordpress-shop.krankikom.de\/index.php\/wp-json\/wp\/v2\/media?parent=3"}],"wp:term":[{"taxonomy":"product_cat","embeddable":true,"href":"https:\/\/talentsoft-wordpress-shop.krankikom.de\/index.php\/wp-json\/wp\/v2\/product_cat?post=3"},{"taxonomy":"product_tag","embeddable":true,"href":"https:\/\/talentsoft-wordpress-shop.krankikom.de\/index.php\/wp-json\/wp\/v2\/product_tag?post=3"}],"curies":[{"name":"wp","href":"https:\/\/api.w.org\/{rel}","templated":true}]}}